{"id":186,"date":"2021-04-13T14:15:31","date_gmt":"2021-04-13T14:15:31","guid":{"rendered":"https:\/\/wordpress-486973-1871356.cloudwaysapps.com\/?page_id=186"},"modified":"2024-08-01T22:34:26","modified_gmt":"2024-08-01T22:34:26","slug":"mentions-legales","status":"publish","type":"page","link":"https:\/\/leclosnotredame.com\/pt\/mentions-legales\/","title":{"rendered":"Informa\u00e7\u00f5es legais"},"content":{"rendered":"<div data-elementor-type=\"wp-page\" data-elementor-id=\"186\" class=\"elementor elementor-186\" data-elementor-post-type=\"page\">\n\t\t\t\t\t\t<section class=\"elementor-section elementor-top-section elementor-element elementor-element-85e4087 elementor-section-height-min-height elementor-section-boxed elementor-section-height-default elementor-section-items-middle\" data-id=\"85e4087\" data-element_type=\"section\" data-e-type=\"section\" data-settings=\"{&quot;background_background&quot;:&quot;classic&quot;}\">\n\t\t\t\t\t\t\t<div class=\"elementor-background-overlay\"><\/div>\n\t\t\t\t\t\t\t<div class=\"elementor-container elementor-column-gap-default\">\n\t\t\t\t\t<div class=\"elementor-column elementor-col-100 elementor-top-column elementor-element elementor-element-83e023e\" data-id=\"83e023e\" data-element_type=\"column\" data-e-type=\"column\">\n\t\t\t<div class=\"elementor-widget-wrap elementor-element-populated\">\n\t\t\t\t\t\t<div class=\"elementor-element elementor-element-31659e9 elementor-widget elementor-widget-heading\" data-id=\"31659e9\" data-element_type=\"widget\" data-e-type=\"widget\" data-widget_type=\"heading.default\">\n\t\t\t\t<div class=\"elementor-widget-container\">\n\t\t\t\t\t<h2 class=\"elementor-heading-title elementor-size-default\">Informa\u00e7\u00f5es legais<\/h2>\t\t\t\t<\/div>\n\t\t\t\t<\/div>\n\t\t\t\t\t<\/div>\n\t\t<\/div>\n\t\t\t\t\t<\/div>\n\t\t<\/section>\n\t\t\t\t<section class=\"elementor-section elementor-top-section elementor-element elementor-element-c8f07f6 elementor-section-boxed elementor-section-height-default elementor-section-height-default\" data-id=\"c8f07f6\" data-element_type=\"section\" data-e-type=\"section\" data-settings=\"{&quot;background_background&quot;:&quot;classic&quot;}\">\n\t\t\t\t\t\t<div class=\"elementor-container elementor-column-gap-default\">\n\t\t\t\t\t<div class=\"elementor-column elementor-col-100 elementor-top-column elementor-element elementor-element-41a872e\" data-id=\"41a872e\" data-element_type=\"column\" data-e-type=\"column\">\n\t\t\t<div class=\"elementor-widget-wrap elementor-element-populated\">\n\t\t\t\t\t\t<div class=\"elementor-element elementor-element-62afbdd elementor-widget elementor-widget-heading\" data-id=\"62afbdd\" data-element_type=\"widget\" data-e-type=\"widget\" data-widget_type=\"heading.default\">\n\t\t\t\t<div class=\"elementor-widget-container\">\n\t\t\t\t\t<h2 class=\"elementor-heading-title elementor-size-default\">Informa\u00e7\u00f5es<\/h2>\t\t\t\t<\/div>\n\t\t\t\t<\/div>\n\t\t\t\t<div class=\"elementor-element elementor-element-715480a elementor-widget elementor-widget-heading\" data-id=\"715480a\" data-element_type=\"widget\" data-e-type=\"widget\" data-widget_type=\"heading.default\">\n\t\t\t\t<div class=\"elementor-widget-container\">\n\t\t\t\t\t<h2 class=\"elementor-heading-title elementor-size-default\">Informa\u00e7\u00f5es legais<\/h2>\t\t\t\t<\/div>\n\t\t\t\t<\/div>\n\t\t\t\t<div class=\"elementor-element elementor-element-75a9aac elementor-widget elementor-widget-text-editor\" data-id=\"75a9aac\" data-element_type=\"widget\" data-e-type=\"widget\" data-widget_type=\"text-editor.default\">\n\t\t\t\t<div class=\"elementor-widget-container\">\n\t\t\t\t\t\t\t\t\t<p>De acordo com o Artigo 6 da Lei n\u00ba 2004-575 de 21 de junho de 2004 sobre confian\u00e7a na economia digital, os usu\u00e1rios do site leclosnotredame.com s\u00e3o informados sobre a identidade das v\u00e1rias partes envolvidas em sua cria\u00e7\u00e3o e acompanhamento:<\/p><p><strong>Propriet\u00e1rio<\/strong>\u00a0DELHY'S SAS (LE CLOS NOTRE-DAME) - 22 rue de l'hirondelle 75006 PARIS - Registro de com\u00e9rcio e empresas: 602 053 605 - N\u00famero de IVA intracomunit\u00e1rio: FR69602053605 - Capital social: 10.000 euros.<br \/><strong>Criador<\/strong> :\u00a0<a href=\"https:\/\/flowragency.com\" target=\"_blank\" rel=\"noopener\">Ag\u00eancia Flowr<\/a><br \/><strong>Respons\u00e1vel pela publica\u00e7\u00e3o<\/strong>\u00a0DELHY S HOTEL SARL (LE CLOS NOTRE-DAME) - contact@leclosnotredame.com<br \/>A pessoa respons\u00e1vel pela publica\u00e7\u00e3o \u00e9 uma pessoa f\u00edsica ou jur\u00eddica.<br \/><strong>Webmaster<\/strong> Ag\u00eancia Flowr - hello@flowragency.com<br \/><strong>Anfitri\u00e3o<\/strong> : CloudFlare<\/p><h3>2. Termos e condi\u00e7\u00f5es gerais de uso do site e dos servi\u00e7os oferecidos.<\/h3><p>O uso do site leclosnotredame.com implica a aceita\u00e7\u00e3o total das condi\u00e7\u00f5es gerais de uso descritas abaixo. Essas condi\u00e7\u00f5es de uso podem ser modificadas ou complementadas a qualquer momento, e os usu\u00e1rios do site leclosnotredame.com s\u00e3o, portanto, convidados a consult\u00e1-las regularmente.<\/p><p>Este site \u00e9 normalmente acess\u00edvel aos usu\u00e1rios a qualquer momento. No entanto, o DELHY S HOTEL SARL (LE CLOS NOTRE-DAME) pode decidir interromper o site para fins de manuten\u00e7\u00e3o t\u00e9cnica. Nesse caso, o DELHY S HOTEL SARL se esfor\u00e7ar\u00e1 para informar aos usu\u00e1rios as datas e hor\u00e1rios da interven\u00e7\u00e3o com anteced\u00eancia.<\/p><p>O site leclosnotredame.com \u00e9 atualizado regularmente. Da mesma forma, os avisos legais podem ser modificados a qualquer momento: eles s\u00e3o, no entanto, obrigat\u00f3rios para o usu\u00e1rio, que \u00e9 convidado a consult\u00e1-los sempre que poss\u00edvel para l\u00ea-los.<\/p><h3>3. Descri\u00e7\u00e3o dos servi\u00e7os prestados.<\/h3><p>O objetivo do site leclosnotredame.com \u00e9 fornecer informa\u00e7\u00f5es sobre todas as atividades da empresa.<\/p><p>O DELHY S HOTEL SARL (LE CLOS NOTRE-DAME) se esfor\u00e7a para fornecer informa\u00e7\u00f5es no site leclosnotredame.com que sejam as mais precisas poss\u00edveis. No entanto, o DELHY S HOTEL SARL (LE CLOS NOTRE-DAME.COM) n\u00e3o pode ser responsabilizado por quaisquer omiss\u00f5es, imprecis\u00f5es ou falhas na atualiza\u00e7\u00e3o das informa\u00e7\u00f5es, sejam elas causadas pelo DELHY S HOTEL SARL ou por parceiros terceirizados que fornecem as informa\u00e7\u00f5es.<\/p><p>Todas as informa\u00e7\u00f5es contidas no site leclosnotredame.com s\u00e3o fornecidas apenas para fins informativos e est\u00e3o sujeitas a altera\u00e7\u00f5es. Al\u00e9m disso, as informa\u00e7\u00f5es contidas no site leclosnotredame.com n\u00e3o s\u00e3o exaustivas. Elas est\u00e3o sujeitas a modifica\u00e7\u00f5es desde que foram colocadas no ar.<\/p><h3>4. Limita\u00e7\u00f5es contratuais sobre dados t\u00e9cnicos.<\/h3><p>O site usa a tecnologia JavaScript.<\/p><p>O site n\u00e3o pode ser responsabilizado por qualquer dano material decorrente do uso do site. Al\u00e9m disso, os usu\u00e1rios do site se comprometem a acess\u00e1-lo usando equipamentos recentes e livres de v\u00edrus e com um navegador atualizado e de \u00faltima gera\u00e7\u00e3o.<\/p><h3>5. Propriedade intelectual e falsifica\u00e7\u00e3o.<\/h3><p>O DELHY S HOTEL SARL (LE CLOS NOTRE-DAME) \u00e9 o propriet\u00e1rio dos direitos de propriedade intelectual ou det\u00e9m os direitos de uso de todos os elementos acess\u00edveis no site, em particular os textos, imagens, gr\u00e1ficos, logotipos, \u00edcones, sons e software.<\/p><p>Qualquer reprodu\u00e7\u00e3o, representa\u00e7\u00e3o, modifica\u00e7\u00e3o, publica\u00e7\u00e3o, adapta\u00e7\u00e3o de todos ou parte dos elementos do site, qualquer que seja o meio ou processo utilizado, \u00e9 proibida, exceto com a autoriza\u00e7\u00e3o pr\u00e9via por escrito do : DELHY S HOTEL SARL (LE CLOS NOTRE-DAME) .<\/p><p>Qualquer uso n\u00e3o autorizado do site ou de qualquer um dos elementos nele contidos ser\u00e1 considerado uma infra\u00e7\u00e3o e ser\u00e1 processado de acordo com as disposi\u00e7\u00f5es dos artigos L.335-2 e seguintes do C\u00f3digo de Propriedade Intelectual franc\u00eas.<\/p><h3>6. Limita\u00e7\u00e3o de responsabilidade.<\/h3><p>O DELHY S HOTEL SARL (LE CLOS NOTRE-DAME) n\u00e3o poder\u00e1 ser responsabilizado por danos diretos ou indiretos causados ao equipamento do usu\u00e1rio durante o acesso ao site do DELHY S HOTEL SARL (LE CLOS NOTRE-DAME), resultantes do uso de equipamentos que n\u00e3o atendam \u00e0s especifica\u00e7\u00f5es indicadas no ponto 4, ou do aparecimento de um bug ou incompatibilidade.<\/p><p>O DELHY S HOTEL SARL (LE CLOS NOTRE-DAME) n\u00e3o pode ser responsabilizado por qualquer dano indireto (como perda de neg\u00f3cios ou perda de oportunidade) resultante do uso do site leclosnotredame.com.<\/p><p>\u00c1reas interativas (possibilidade de fazer perguntas na \u00e1rea de contato) est\u00e3o dispon\u00edveis para os usu\u00e1rios. A DELHY S HOTEL SARL (LE CLOS NOTRE-DAME) reserva-se o direito de excluir, sem aviso pr\u00e9vio, qualquer conte\u00fado postado nesta \u00e1rea que viole qualquer legisla\u00e7\u00e3o aplic\u00e1vel na Fran\u00e7a, em particular as disposi\u00e7\u00f5es relativas \u00e0 prote\u00e7\u00e3o de dados. Se for o caso, o DELHY S HOTEL SARL (LE CLOS NOTRE-DAME) tamb\u00e9m se reserva o direito de responsabilizar civil e\/ou criminalmente o usu\u00e1rio, principalmente no caso de mensagens de car\u00e1ter racista, injurioso, difamat\u00f3rio ou pornogr\u00e1fico, qualquer que seja o meio utilizado (texto, fotografias, etc.).<\/p><h3>7. Gerenciamento de dados pessoais.<\/h3><p>Na Fran\u00e7a, os dados pessoais s\u00e3o protegidos pela lei n\u00ba 78-87 de 6 de janeiro de 1978, pela lei n\u00ba 2004-801 de 6 de agosto de 2004, pelo artigo L. 226-13 do C\u00f3digo Penal e pela Diretiva Europeia de 24 de outubro de 1995.<\/p><p>Ao usar o site leclosnotredame.com, as seguintes informa\u00e7\u00f5es podem ser coletadas: o URL dos links pelos quais o usu\u00e1rio acessou o site leclosnotredame.com, o provedor de acesso do usu\u00e1rio, o endere\u00e7o de protocolo de Internet (IP) do usu\u00e1rio.<\/p><p>De qualquer forma, o DELHY S HOTEL SARL (LE CLOS NOTRE-DAME) coleta apenas informa\u00e7\u00f5es pessoais relacionadas ao usu\u00e1rio para fins de determinados servi\u00e7os oferecidos pelo site leclosnotredame.com. Os usu\u00e1rios fornecem essas informa\u00e7\u00f5es com pleno conhecimento dos fatos, principalmente quando eles mesmos as inserem. Os usu\u00e1rios do site leclosnotredame.com s\u00e3o ent\u00e3o informados se s\u00e3o ou n\u00e3o obrigados a fornecer essas informa\u00e7\u00f5es.<\/p><p>De acordo com as disposi\u00e7\u00f5es dos artigos 38 e seguintes da Lei 78-17 de 6 de janeiro de 1978 sobre processamento de dados, arquivos de dados e liberdades individuais, todos os usu\u00e1rios t\u00eam o direito de acessar, retificar e contestar quaisquer dados pessoais que lhes digam respeito, enviando uma solicita\u00e7\u00e3o por escrito e assinada, acompanhada de uma c\u00f3pia do documento de identidade com a assinatura do portador do documento, especificando o endere\u00e7o para o qual a resposta deve ser enviada.<\/p><p>Nenhuma informa\u00e7\u00e3o pessoal do usu\u00e1rio do site leclosnotredame.com \u00e9 publicada sem o conhecimento do usu\u00e1rio, trocada, transferida, cedida ou vendida em qualquer meio a terceiros. Somente a hip\u00f3tese de recompra do DELHY S HOTEL SARL (LE CLOS NOTRE-DAME) e de seus direitos permitiria a transmiss\u00e3o das informa\u00e7\u00f5es acima mencionadas ao poss\u00edvel comprador, que, por sua vez, teria a mesma obriga\u00e7\u00e3o de conserva\u00e7\u00e3o e modifica\u00e7\u00e3o dos dados em rela\u00e7\u00e3o ao usu\u00e1rio do site leclosnotredame.com.<\/p><p>O site n\u00e3o est\u00e1 registrado na CNIL, pois n\u00e3o coleta informa\u00e7\u00f5es pessoais.<\/p><p>Os bancos de dados s\u00e3o protegidos pelas disposi\u00e7\u00f5es da Lei de 1\u00ba de julho de 1998 que transp\u00f5e a Diretiva 96\/9 de 11 de mar\u00e7o de 1996 sobre a prote\u00e7\u00e3o legal de bancos de dados.<\/p><p><strong>D\u00e9marchage t\u00e9l\u00e9phonique<\/strong><\/p><p>Vous avez la possibilit\u00e9 de vous inscrire sur la liste d\u2019opposition au d\u00e9marchage t\u00e9l\u00e9phonique Bloctel : <a href=\"https:\/\/www.bloctel.gouv.fr\/\" target=\"_new\" rel=\"noreferrer noopener\">https:\/\/www.bloctel.gouv.fr\/<\/a><\/p><h3>8. Links de hipertexto e cookies.<\/h3><p>O site leclosnotredame.com cont\u00e9m v\u00e1rios links de hipertexto para outros sites, criados com a autoriza\u00e7\u00e3o do DELHY S HOTEL SARL (LE CLOS NOTRE-DAME). No entanto, a DELHY S HOTEL SARL (LE CLOS NOTRE-DAME) n\u00e3o est\u00e1 em condi\u00e7\u00f5es de verificar o conte\u00fado dos sites visitados dessa forma e, consequentemente, n\u00e3o aceita nenhuma responsabilidade a esse respeito.<\/p><p>A navega\u00e7\u00e3o no site leclosnotredame.com pode resultar na instala\u00e7\u00e3o de cookies no computador do usu\u00e1rio. Um cookie \u00e9 um pequeno arquivo que n\u00e3o permite que o usu\u00e1rio seja identificado, mas que registra informa\u00e7\u00f5es relacionadas \u00e0 navega\u00e7\u00e3o de um computador em um site. Os dados obtidos dessa forma t\u00eam o objetivo de facilitar a navega\u00e7\u00e3o subsequente no site e tamb\u00e9m s\u00e3o usados para medir o n\u00famero de visitantes.<\/p><p>A recusa em instalar um cookie pode impossibilitar o acesso a determinados servi\u00e7os. Entretanto, os usu\u00e1rios podem configurar seu computador da seguinte forma para recusar a instala\u00e7\u00e3o de cookies:<\/p><p>No Internet Explorer: guia Ferramentas (\u00edcone em forma de roda no canto superior direito) \/ Op\u00e7\u00f5es da Internet. Clique em Confidencialidade e escolha Bloquear todos os cookies. Confirme com Ok.<\/p><p>Firefox: na parte superior da janela do navegador, clique no bot\u00e3o Firefox e, em seguida, v\u00e1 para a guia Op\u00e7\u00f5es. Clique na guia Privacidade.<br \/>Defina as regras de reten\u00e7\u00e3o como: usar configura\u00e7\u00f5es personalizadas para o hist\u00f3rico. Por fim, desmarque essa op\u00e7\u00e3o para desativar os cookies.<\/p><p>No Safari: clique no \u00edcone do menu (simbolizado por uma engrenagem) no canto superior direito do navegador. Selecione Configura\u00e7\u00f5es. Clique em Mostrar configura\u00e7\u00f5es avan\u00e7adas. Na se\u00e7\u00e3o \"Confidencialidade\", clique em Configura\u00e7\u00f5es de conte\u00fado. Na se\u00e7\u00e3o \"Cookies\", \u00e9 poss\u00edvel bloquear cookies.<\/p><p>No Chrome: clique no \u00edcone do menu (simbolizado por tr\u00eas linhas horizontais) no canto superior direito do navegador. Selecione Configura\u00e7\u00f5es. Clique em Mostrar configura\u00e7\u00f5es avan\u00e7adas. Na se\u00e7\u00e3o \"Confidencialidade\", clique em prefer\u00eancias. Na guia \"Confidencialidade\", voc\u00ea pode bloquear cookies.<\/p><h3>9. M\u00e9diateur \u00e0 la consommation<\/h3><p>Conform\u00e9ment aux dispositions des lois et r\u00e8glements en vigueur, tout consommateur a le droit de recourir gratuitement \u00e0 un m\u00e9diateur de la consommation en vue de la r\u00e9solution amiable du litige qui l\u2019oppose \u00e0 un professionnel, c\u2019est-\u00e0-dire dans ce cas pr\u00e9cis \u00e0 DELHY S HOTEL SARL (LE CLOS NOTRE-DAME). \u00c0 cet effet, DELHY S HOTEL SARL (LE CLOS NOTRE-DAME) garantit au consommateur le recours effectif \u00e0 un dispositif de m\u00e9diation de la consommation.<\/p><p>Pour faciliter l\u2019acc\u00e8s \u00e0 la m\u00e9diation et conform\u00e9ment aux obligations l\u00e9gales, DELHY S HOTEL SARL (LE CLOS NOTRE-DAME) d\u00e9signe le m\u00e9diateur suivant comme r\u00e9f\u00e9rent pour la r\u00e9solution des litiges de consommation :<\/p><p><strong>M\u00e9diateur du Tourisme et du Voyage (MTV)<\/strong> Site web pour saisir le m\u00e9diateur : <a href=\"https:\/\/www.mtv.travel\/saisir-le-mediateur\/\" target=\"_new\" rel=\"noreferrer noopener\">https:\/\/www.mtv.travel\/saisir-le-mediateur\/<\/a><\/p><p>Les consommateurs peuvent saisir le M\u00e9diateur du Tourisme et du Voyage en cas de litige non r\u00e9solu directement avec DELHY S HOTEL SARL (LE CLOS NOTRE-DAME), en suivant les instructions et proc\u00e9dures indiqu\u00e9es sur le site web mentionn\u00e9 ci-dessus. La demande de m\u00e9diation doit \u00eatre effectu\u00e9e dans un d\u00e9lai raisonnable de 1 mois \u00e0 compter de la r\u00e9clamation \u00e9crite adress\u00e9e \u00e0 DELHY S HOTEL SARL (LE CLOS NOTRE-DAME).<\/p><h3>10. Droit applicable et attribution de juridiction.<\/h3><p>Tout litige en relation avec l\u2019utilisation du site\u00a0<a href=\"https:\/\/emea01.safelinks.protection.outlook.com\/?url=http%3A%2F%2Fwww.leclosnotredame.com%2F&amp;data=05%7C02%7C%7Cfa6f153589f84e6f5f3708dcb25461c0%7C84df9e7fe9f640afb435aaaaaaaaaaaa%7C1%7C0%7C638581322711335175%7CUnknown%7CTWFpbGZsb3d8eyJWIjoiMC4wLjAwMDAiLCJQIjoiV2luMzIiLCJBTiI6Ik1haWwiLCJXVCI6Mn0%3D%7C0%7C%7C%7C&amp;sdata=7wn4hkB2ftf3OYrrYXq4OtZlDx6r6WbtTR3kVMV3rxM%3D&amp;reserved=0\">www.leclosnotredame.com<\/a> est soumis au droit fran\u00e7ais. Le consommateur peut saisir, soit l\u2019une des juridictions territorialement comp\u00e9tentes en vertu du code de proc\u00e9dure civile, soit la juridiction du lieu o\u00f9 il demeurait au moment de la conclusion du contrat ou de la survenance du fait dommageable.<\/p><p><strong>Litiges<\/strong><\/p><p>Pour tout litige, vous pouvez avoir recours \u00e0 la plateforme de r\u00e8glement en ligne des litiges : <a href=\"https:\/\/ec.europa.eu\/consumers\/odr\/main\/index.cfm?event=main.home2.show&amp;lng=FR\" target=\"_new\" rel=\"noreferrer noopener\">https:\/\/ec.europa.eu\/consumers\/odr\/main\/index.cfm?event=main.home2.show&amp;lng=FR<\/a><\/p><h3>11. Modification de r\u00e9servation.<\/h3><p>Pour toute modification de r\u00e9servation (changement de date, de noms, de nombre de personnes etc\u2026), nous vous prions de vous adresser par e-mail \u00e0 l\u2019adresse suivante : <a href=\"mailto:contact@leclosnotredame.com\">contact@leclosnotredame.com<\/a>, en pr\u00e9cisant votre num\u00e9ro de confirmation de r\u00e9servation.<\/p><p>Se r\u00e9f\u00e9rer \u00e9galement aux conditions d\u2019annulation pr\u00e9cis\u00e9es au moment de la r\u00e9servation.<\/p><h3>12. Conditions d&rsquo;annulation.<\/h3><p>Les conditions d\u2019annulation et leur mise en \u0153uvre, sont li\u00e9es aux tarifs concern\u00e9s par la r\u00e9servation et seront pr\u00e9cis\u00e9es au moment de l\u2019achat en ligne.<\/p><p>Toute non pr\u00e9sentation du Client \u00e0 l\u2019h\u00f4tel ou \u00ab No Show \u00bb (r\u00e9servation non annul\u00e9e \u2013 client non pr\u00e9sent) vaut annulation de sa r\u00e9servation dans sa globalit\u00e9 impliquant lib\u00e9ration de la ou des nuit\u00e9es r\u00e9serv\u00e9es et entraine automatiquement l\u2019exigibilit\u00e9 du montant total du s\u00e9jour r\u00e9serv\u00e9 soit l\u2019ensemble des nuit\u00e9es et extras r\u00e9serv\u00e9s, sans quelconque droit au remboursement au profit du client.<\/p><p>En cas d\u2019interruption du s\u00e9jour, l\u2019int\u00e9gralit\u00e9 du prix du s\u00e9jour pr\u00e9alablement r\u00e9serv\u00e9 pourra \u00eatre encaiss\u00e9e, ou dans certains cas un \u00ab avoir \u00bb correspondant \u00e0 la partie non consomm\u00e9e du s\u00e9jour, pourra \u00eatre propos\u00e9 au Client.<\/p><p>Je reconnais avoir pris connaissance des pr\u00e9sentes Conditions G\u00e9n\u00e9rales de Vente avant d\u2019avoir pass\u00e9 ma commande.<\/p><p>D\u00e8s lors, la prise de commande entraine mon enti\u00e8re adh\u00e9sion aux CGV du Clos Notre Dame H\u00f4tel et son acceptation sans r\u00e9serve de l\u2019int\u00e9gralit\u00e9 de leurs dispositions.<\/p><h4><em>12.1 Conditions de r\u00e9tractations<\/em><\/h4><p>L\u2019article L. 221-28 d\u00e9finit les cas o\u00f9 le droit de r\u00e9tractation ne peut \u00eatre exerc\u00e9.<br \/>L\u2019article L.221-28-12\u00b0 du code de la consommation pr\u00e9voit que pour les contrats de \u00ab prestations de services d\u2019h\u00e9bergement, autres que d\u2019h\u00e9bergement r\u00e9sidentiel, de services de transport de biens, de locations de voitures, de restauration ou d\u2019activit\u00e9s de loisirs qui doivent \u00eatre fournis \u00e0 une date ou \u00e0 une p\u00e9riode d\u00e9termin\u00e9e \u00bb,\u00a0<strong>le consommateur ne b\u00e9n\u00e9ficie pas du droit de r\u00e9tractation lorsqu\u2019il contracte \u00e0 distance<\/strong>.<br \/><br \/>Cependant, l\u2019article L.221-5 du code de la consommation dispose que :<br \/>\u00ab Pr\u00e9alablement \u00e0 la conclusion d\u2019un contrat de vente ou de fourniture de services, le professionnel communique au consommateur, de mani\u00e8re lisible et compr\u00e9hensible, les informations suivantes :<br \/><br \/>1\u00b0 Les informations pr\u00e9vues aux articles L. 111-1 et L. 111-2 ;<br \/>2\u00b0 Lorsque le droit de r\u00e9tractation existe, les conditions, le d\u00e9lai et les modalit\u00e9s d\u2019exercice de ce droit ainsi que le formulaire type de r\u00e9tractation, dont les conditions de pr\u00e9sentation et les mentions qu\u2019il contient sont fix\u00e9es par d\u00e9cret en Conseil d\u2019Etat ;<br \/>3\u00b0 Le cas \u00e9ch\u00e9ant, le fait que le consommateur supporte les frais de renvoi du bien en cas de r\u00e9tractation et, pour les contrats \u00e0 distance, le co\u00fbt de renvoi du bien lorsque celui-ci, en raison de sa nature, ne peut normalement \u00eatre renvoy\u00e9 par la poste ;<br \/>4\u00b0 L\u2019information sur l\u2019obligation du consommateur de payer des frais lorsque celui-ci exerce son droit de r\u00e9tractation d\u2019un contrat de prestation de services, de distribution d\u2019eau, de fourniture de gaz ou d\u2019\u00e9lectricit\u00e9 et d\u2019abonnement \u00e0 un r\u00e9seau de chauffage urbain dont il a demand\u00e9 express\u00e9ment l\u2019ex\u00e9cution avant la fin du d\u00e9lai de r\u00e9tractation ; ces frais sont calcul\u00e9s selon les modalit\u00e9s fix\u00e9es \u00e0 l\u2019article L. 221-25<br \/>5\u00b0 Lorsque le droit de r\u00e9tractation ne peut \u00eatre exerc\u00e9 en application de l\u2019article L. 221-28, l\u2019information selon laquelle le consommateur ne b\u00e9n\u00e9ficie pas de ce droit ou, le cas \u00e9ch\u00e9ant, les circonstances dans lesquelles le consommateur perd son droit de r\u00e9tractation ; (\u2026) \u00bb .<br \/>Par cons\u00e9quent, dans le cadre de la vente \u00e0 distance des prestations que nous proposons, le consommateur ne b\u00e9n\u00e9ficie pas et ne peut exercer son droit de r\u00e9tractation.<br \/><br \/><\/p><h3>13. Les principales lois concern\u00e9es.<\/h3><p>Lei n\u00ba 78-87, de 6 de janeiro de 1978, com a reda\u00e7\u00e3o dada pela Lei n\u00ba 2004-801, de 6 de agosto de 2004, sobre processamento de dados, arquivos de dados e liberdades individuais.<\/p><p>Lei no. 2004-575 de 21 de junho de 2004 sobre confian\u00e7a na economia digital.<\/p><h3>14. Lexique.<\/h3><p>Usu\u00e1rio: usu\u00e1rio da Internet que se conecta ao site mencionado acima e o utiliza.<\/p><p>Informa\u00e7\u00f5es pessoais: \"informa\u00e7\u00f5es que permitem, de qualquer forma, direta ou indiretamente, a identifica\u00e7\u00e3o das pessoas f\u00edsicas \u00e0s quais se aplicam\" (artigo 4 da lei n\u00ba 78-17 de 6 de janeiro de 1978).<\/p>\t\t\t\t\t\t\t\t<\/div>\n\t\t\t\t<\/div>\n\t\t\t\t\t<\/div>\n\t\t<\/div>\n\t\t\t\t\t<\/div>\n\t\t<\/section>\n\t\t\t\t<\/div>","protected":false},"excerpt":{"rendered":"<p>Mentions l\u00e9gales Informations Mentions l\u00e9gales En vertu de l\u2019article 6 de la loi n\u00b0 2004-575 du 21 juin 2004 pour la confiance dans l\u2019\u00e9conomie num\u00e9rique, il est pr\u00e9cis\u00e9 aux utilisateurs du site leclosnotredame.com l\u2019identit\u00e9 des diff\u00e9rents intervenants dans le cadre de sa r\u00e9alisation et de son suivi : Propri\u00e9taire\u00a0: DELHY\u2019S SAS (LE CLOS NOTRE-DAME) \u2013 [&hellip;]<\/p>\n","protected":false},"author":1,"featured_media":0,"parent":0,"menu_order":0,"comment_status":"closed","ping_status":"closed","template":"elementor_header_footer","meta":{"footnotes":""},"class_list":["post-186","page","type-page","status-publish","hentry"],"_links":{"self":[{"href":"https:\/\/leclosnotredame.com\/pt\/wp-json\/wp\/v2\/pages\/186","targetHints":{"allow":["GET"]}}],"collection":[{"href":"https:\/\/leclosnotredame.com\/pt\/wp-json\/wp\/v2\/pages"}],"about":[{"href":"https:\/\/leclosnotredame.com\/pt\/wp-json\/wp\/v2\/types\/page"}],"author":[{"embeddable":true,"href":"https:\/\/leclosnotredame.com\/pt\/wp-json\/wp\/v2\/users\/1"}],"replies":[{"embeddable":true,"href":"https:\/\/leclosnotredame.com\/pt\/wp-json\/wp\/v2\/comments?post=186"}],"version-history":[{"count":0,"href":"https:\/\/leclosnotredame.com\/pt\/wp-json\/wp\/v2\/pages\/186\/revisions"}],"wp:attachment":[{"href":"https:\/\/leclosnotredame.com\/pt\/wp-json\/wp\/v2\/media?parent=186"}],"curies":[{"name":"wp","href":"https:\/\/api.w.org\/{rel}","templated":true}]}}